{"id":1983,"date":"2016-08-12T21:12:43","date_gmt":"2016-08-12T19:12:43","guid":{"rendered":"http:\/\/hr.luxury-yacht-charter.eu\/?page_id=1983"},"modified":"2018-09-03T19:19:33","modified_gmt":"2018-09-03T17:19:33","slug":"exclusive-yacht-charter-in-the-adriatic-sea","status":"publish","type":"page","link":"https:\/\/luxury-yacht-charter.eu\/hr","title":{"rendered":"ekskluzivni charter plovila na Jadranskom moru"},"content":{"rendered":"<p>[et_pb_section bb_built=&#8221;1&#8243; fullwidth=&#8221;on&#8221; specialty=&#8221;off&#8221; transparent_background=&#8221;on&#8221; background_color=&#8221;rgba(255,255,255,0)&#8221; allow_player_pause=&#8221;off&#8221; inner_shadow=&#8221;off&#8221; parallax=&#8221;off&#8221; parallax_method=&#8221;off&#8221; padding_mobile=&#8221;off&#8221; make_fullwidth=&#8221;off&#8221; use_custom_width=&#8221;off&#8221; width_unit=&#8221;on&#8221; make_equal=&#8221;off&#8221; use_custom_gutter=&#8221;off&#8221; disabled_on=&#8221;on||&#8221; disabled=&#8221;off&#8221; custom_padding_tablet=&#8221;50px|0|50px|0&#8243; custom_padding_last_edited=&#8221;on|desktop&#8221;][et_pb_fullwidth_slider admin_label=&#8221;Willkommen an der Adria&#8221; show_arrows=&#8221;on&#8221; show_pagination=&#8221;on&#8221; background_position=&#8221;top_left&#8221; show_image_video_mobile=&#8221;off&#8221; custom_button=&#8221;off&#8221; button_icon_placement=&#8221;right&#8221; show_inner_shadow=&#8221;on&#8221; show_content_on_mobile=&#8221;on&#8221; show_cta_on_mobile=&#8221;on&#8221; custom_padding=&#8221;|||&#8221; _builder_version=&#8221;3.0.90&#8243;]<\/p>\n<p>[et_pb_slide heading=&#8221;Dobrodo\u0161li u Jadransko more&#8221; button_text=&#8221; Nezaboravno iskustvo za vas&#8221; button_link=&#8221;#wilkommen&#8221; background_image=&#8221;https:\/\/luxury-yacht-charter.eu\/wp-content\/uploads\/2016\/09\/backIMG_5396.jpg&#8221; background_position=&#8221;top_left&#8221; background_size=&#8221;cover&#8221; background_color=&#8221;#ffffff&#8221; use_bg_overlay=&#8221;on&#8221; use_text_overlay=&#8221;off&#8221; alignment=&#8221;center&#8221; background_layout=&#8221;dark&#8221; allow_player_pause=&#8221;off&#8221; text_border_radius=&#8221;3&#8243; header_font_select=&#8221;default&#8221; header_font=&#8221;||||&#8221; body_font_select=&#8221;default&#8221; body_font=&#8221;||||&#8221; button_font_select=&#8221;default&#8221; button_font=&#8221;||||&#8221; _builder_version=&#8221;3.0.90&#8243; use_background_color_gradient=&#8221;off&#8221; background_color_gradient_start=&#8221;#2b87da&#8221; background_color_gradient_end=&#8221;#29c4a9&#8243; background_color_gradient_type=&#8221;linear&#8221; background_color_gradient_direction=&#8221;180deg&#8221; background_color_gradient_direction_radial=&#8221;center&#8221; background_color_gradient_start_position=&#8221;0%&#8221; background_color_gradient_end_position=&#8221;100%&#8221; background_color_gradient_overlays_image=&#8221;off&#8221; parallax=&#8221;off&#8221; parallax_method=&#8221;on&#8221; background_repeat=&#8221;no-repeat&#8221; background_blend=&#8221;normal&#8221; background_video_mp4=&#8221;https:\/\/luxury-yacht-charter.eu\/wp-content\/uploads\/2017\/12\/luxuryyachtcharter2.mp4&#8243;]<\/p>\n<p>&nbsp;<\/p>\n<p>Nudimo vam najbolju vrijednost za iznajmljivanje luksuznih jahti na Jadranu.<br \/>\nU\u017eivajte u individualnom, opu\u0161tenom i nezaboravnom odmoru u oto\u010dnom svijetu Hrvatske<br \/>\n\u2013<\/p>\n<p>priu\u0161tite si posebni luksuz plutaju\u0107e vile.<\/p>\n<p>&nbsp;<\/p>\n<p>[\/et_pb_slide][et_pb_slide heading=&#8221;Dobrodo\u0161li u Jadransko more&#8221; button_text=&#8221; Nezaboravno iskustvo za vas&#8221; button_link=&#8221;#wilkommen&#8221; background_image=&#8221;https:\/\/luxury-yacht-charter.eu\/wp-content\/uploads\/2016\/09\/backIMG_5396.jpg&#8221; background_position=&#8221;default&#8221; background_size=&#8221;default&#8221; background_color=&#8221;#ffffff&#8221; use_bg_overlay=&#8221;on&#8221; use_text_overlay=&#8221;off&#8221; alignment=&#8221;center&#8221; background_layout=&#8221;dark&#8221; allow_player_pause=&#8221;off&#8221; text_border_radius=&#8221;3&#8243; header_font_select=&#8221;default&#8221; header_font=&#8221;||||&#8221; body_font_select=&#8221;default&#8221; body_font=&#8221;||||&#8221; custom_button=&#8221;off&#8221; button_font_select=&#8221;default&#8221; button_font=&#8221;||||&#8221; button_use_icon=&#8221;default&#8221; button_icon_placement=&#8221;right&#8221; button_on_hover=&#8221;on&#8221; _builder_version=&#8221;3.0.90&#8243;]<\/p>\n<p>&nbsp;<\/p>\n<p>Nudimo vam najbolju vrijednost za iznajmljivanje luksuznih jahti na Jadranu.<br \/>\nU\u017eivajte u individualnom, opu\u0161tenom i nezaboravnom odmoru u oto\u010dnom svijetu Hrvatske<br \/>\n\u2013<\/p>\n<p>priu\u0161tite si posebni luksuz plutaju\u0107e vile.<\/p>\n<p>&nbsp;<\/p>\n<p>[\/et_pb_slide][et_pb_slide heading=&#8221;Dobrodo\u0161li u Jadransko more&#8221; button_text=&#8221; Nezaboravno iskustvo za vas&#8221; button_link=&#8221;#wilkommen&#8221; background_image=&#8221;https:\/\/luxury-yacht-charter.eu\/wp-content\/uploads\/2016\/08\/baby-i1440-009.jpg&#8221; background_position=&#8221;default&#8221; background_size=&#8221;default&#8221; background_color=&#8221;#ffffff&#8221; use_bg_overlay=&#8221;on&#8221; use_text_overlay=&#8221;off&#8221; alignment=&#8221;center&#8221; background_layout=&#8221;dark&#8221; allow_player_pause=&#8221;off&#8221; text_border_radius=&#8221;3&#8243; header_font_select=&#8221;default&#8221; header_font=&#8221;||||&#8221; body_font_select=&#8221;default&#8221; body_font=&#8221;||||&#8221; custom_button=&#8221;off&#8221; button_font_select=&#8221;default&#8221; button_font=&#8221;||||&#8221; button_use_icon=&#8221;default&#8221; button_icon_placement=&#8221;right&#8221; button_on_hover=&#8221;on&#8221; _builder_version=&#8221;3.0.90&#8243;]<\/p>\n<p>&nbsp;<\/p>\n<p>Nudimo vam najbolju vrijednost za iznajmljivanje luksuznih jahti na Jadranu.<br \/>\nU\u017eivajte u individualnom, opu\u0161tenom i nezaboravnom odmoru u oto\u010dnom svijetu Hrvatske<br \/>\n\u2013<\/p>\n<p>priu\u0161tite si posebni luksuz plutaju\u0107e vile.<\/p>\n<p>&nbsp;<\/p>\n<p>[\/et_pb_slide][et_pb_slide heading=&#8221;Dobrodo\u0161li u Jadransko more&#8221; button_text=&#8221; Nezaboravno iskustvo za vas&#8221; button_link=&#8221;#wilkommen&#8221; background_image=&#8221;https:\/\/luxury-yacht-charter.eu\/wp-content\/uploads\/2016\/08\/kroatien-009.jpg&#8221; background_position=&#8221;default&#8221; background_size=&#8221;default&#8221; background_color=&#8221;#ffffff&#8221; use_bg_overlay=&#8221;on&#8221; use_text_overlay=&#8221;off&#8221; alignment=&#8221;center&#8221; background_layout=&#8221;dark&#8221; allow_player_pause=&#8221;off&#8221; text_border_radius=&#8221;3&#8243; header_font_select=&#8221;default&#8221; header_font=&#8221;||||&#8221; body_font_select=&#8221;default&#8221; body_font=&#8221;||||&#8221; custom_button=&#8221;off&#8221; button_font_select=&#8221;default&#8221; button_font=&#8221;||||&#8221; button_use_icon=&#8221;default&#8221; button_icon_placement=&#8221;right&#8221; button_on_hover=&#8221;on&#8221; _builder_version=&#8221;3.0.90&#8243;]<\/p>\n<p>&nbsp;<\/p>\n<p>Nudimo vam najbolju vrijednost za iznajmljivanje luksuznih jahti na Jadranu.<br \/>\nU\u017eivajte u individualnom, opu\u0161tenom i nezaboravnom odmoru u oto\u010dnom svijetu Hrvatske<br \/>\n\u2013<\/p>\n<p>priu\u0161tite si posebni luksuz plutaju\u0107e vile.<\/p>\n<p>&nbsp;<\/p>\n<p>[\/et_pb_slide][et_pb_slide heading=&#8221;Dobrodo\u0161li u Jadransko more&#8221; button_text=&#8221; Nezaboravno iskustvo za vas&#8221; button_link=&#8221;#wilkommen&#8221; background_image=&#8221;https:\/\/luxury-yacht-charter.eu\/wp-content\/uploads\/2016\/08\/baby-i1440-007.jpg&#8221; background_position=&#8221;default&#8221; background_size=&#8221;default&#8221; background_color=&#8221;#ffffff&#8221; use_bg_overlay=&#8221;on&#8221; use_text_overlay=&#8221;off&#8221; alignment=&#8221;center&#8221; background_layout=&#8221;dark&#8221; allow_player_pause=&#8221;off&#8221; text_border_radius=&#8221;3&#8243; header_font_select=&#8221;default&#8221; header_font=&#8221;||||&#8221; body_font_select=&#8221;default&#8221; body_font=&#8221;||||&#8221; custom_button=&#8221;off&#8221; button_font_select=&#8221;default&#8221; button_font=&#8221;||||&#8221; button_use_icon=&#8221;default&#8221; button_icon_placement=&#8221;right&#8221; button_on_hover=&#8221;on&#8221; _builder_version=&#8221;3.0.90&#8243;]<\/p>\n<p>&nbsp;<\/p>\n<p>Nudimo vam najbolju vrijednost za iznajmljivanje luksuznih jahti na Jadranu.<br \/>\nU\u017eivajte u individualnom, opu\u0161tenom i nezaboravnom odmoru u oto\u010dnom svijetu Hrvatske<br \/>\n\u2013<\/p>\n<p>priu\u0161tite si posebni luksuz plutaju\u0107e vile.<\/p>\n<p>&nbsp;<\/p>\n<p>[\/et_pb_slide][et_pb_slide heading=&#8221;Dobrodo\u0161li u Jadransko more&#8221; button_text=&#8221; Nezaboravno iskustvo za vas&#8221; button_link=&#8221;#wilkommen&#8221; background_image=&#8221;https:\/\/luxury-yacht-charter.eu\/wp-content\/uploads\/2016\/08\/baby-i1440-004.jpg&#8221; background_position=&#8221;default&#8221; background_size=&#8221;default&#8221; background_color=&#8221;#ffffff&#8221; use_bg_overlay=&#8221;on&#8221; use_text_overlay=&#8221;off&#8221; alignment=&#8221;center&#8221; background_layout=&#8221;dark&#8221; allow_player_pause=&#8221;off&#8221; text_border_radius=&#8221;3&#8243; header_font_select=&#8221;default&#8221; header_font=&#8221;||||&#8221; body_font_select=&#8221;default&#8221; body_font=&#8221;||||&#8221; custom_button=&#8221;off&#8221; button_font_select=&#8221;default&#8221; button_font=&#8221;||||&#8221; button_use_icon=&#8221;default&#8221; button_icon_placement=&#8221;right&#8221; button_on_hover=&#8221;on&#8221; _builder_version=&#8221;3.0.90&#8243;]<\/p>\n<p>&nbsp;<\/p>\n<p>Nudimo vam najbolju vrijednost za iznajmljivanje luksuznih jahti na Jadranu.<br \/>\nU\u017eivajte u individualnom, opu\u0161tenom i nezaboravnom odmoru u oto\u010dnom svijetu Hrvatske<br \/>\n\u2013<\/p>\n<p>priu\u0161tite si posebni luksuz plutaju\u0107e vile.<\/p>\n<p>&nbsp;<\/p>\n<p>[\/et_pb_slide]<\/p>\n<p>[\/et_pb_fullwidth_slider][\/et_pb_section][et_pb_section bb_built=&#8221;1&#8243; admin_label=&#8221;section&#8221; transparent_background=&#8221;on&#8221; background_color=&#8221;rgba(255,255,255,0)&#8221; allow_player_pause=&#8221;off&#8221; inner_shadow=&#8221;off&#8221; parallax=&#8221;off&#8221; parallax_method=&#8221;off&#8221; padding_mobile=&#8221;off&#8221; make_fullwidth=&#8221;off&#8221; use_custom_width=&#8221;off&#8221; width_unit=&#8221;on&#8221; make_equal=&#8221;off&#8221; use_custom_gutter=&#8221;off&#8221; custom_padding_tablet=&#8221;50px|0|50px|0&#8243; custom_padding_last_edited=&#8221;on|desktop&#8221;][et_pb_row admin_label=&#8221;row&#8221; make_fullwidth=&#8221;off&#8221; use_custom_width=&#8221;off&#8221; width_unit=&#8221;on&#8221; use_custom_gutter=&#8221;off&#8221; padding_mobile=&#8221;off&#8221; allow_player_pause=&#8221;off&#8221; parallax=&#8221;off&#8221; parallax_method=&#8221;off&#8221; make_equal=&#8221;off&#8221; column_padding_mobile=&#8221;on&#8221; module_id=&#8221;wilkommen&#8221; parallax_1=&#8221;off&#8221; parallax_method_1=&#8221;off&#8221; parallax_2=&#8221;off&#8221; parallax_method_2=&#8221;off&#8221; background_position=&#8221;top_left&#8221; background_repeat=&#8221;repeat&#8221; background_size=&#8221;initial&#8221;][et_pb_column type=&#8221;2_3&#8243;][et_pb_text background_layout=&#8221;dark&#8221; text_orientation=&#8221;left&#8221; use_border_color=&#8221;off&#8221; border_color=&#8221;#ffffff&#8221; border_style=&#8221;solid&#8221; background_position=&#8221;top_left&#8221; background_repeat=&#8221;repeat&#8221; background_size=&#8221;initial&#8221;]<\/p>\n<h1>Dobrodo\u0161li u Luxury Yacht Charter<\/h1>\n<h2>Nezaboravno iskustvo za vas<\/h2>\n<p>Nudimo najbolju vrijednost za novac za najam luksuznih jahti na Jadranu \/ Hrvatska. U\u017eivajte u individualnom, opu\u0161tenom i nezaboravnom odmoru na hrvatskom otoku &#8211; u\u017eivajte u posebnom luksuzu plutaju\u0107e vile.<\/p>\n<p><img loading=\"lazy\" decoding=\"async\" class=\"alignleft wp-image-894 size-medium\" src=\"https:\/\/luxury-yacht-charter.eu\/wp-content\/uploads\/2016\/08\/csm_DSC_4637_38_39_40_41_9374c7b47a-300x146.jpg\" alt=\"csm_dsc_4637_38_39_40_41_9374c7b47a\" width=\"300\" height=\"146\" srcset=\"https:\/\/luxury-yacht-charter.eu\/wp-content\/uploads\/2016\/08\/csm_DSC_4637_38_39_40_41_9374c7b47a-300x146.jpg 300w, https:\/\/luxury-yacht-charter.eu\/wp-content\/uploads\/2016\/08\/csm_DSC_4637_38_39_40_41_9374c7b47a.jpg 417w\" sizes=\"(max-width: 300px) 100vw, 300px\" \/> U\u017eivajte u posebnom. Posada je na usluzi i brine se o apsolutno sve na brodu. Samo se trebate opustiti i zabaviti.<\/p>\n<p>Ako \u017eelite provesti ugodan odmor na moru i iznajmiti ekskluzivno opremljenu jahtu, molimo koristite na\u0161 zahtjev za rezervacijom chartera kako biste primili neobvezuju\u0107e informacije o cijeni, dostupnosti i alternativnim ponudama Va\u0161eg zahtjeva.<\/p>\n<p>[\/et_pb_text][\/et_pb_column][et_pb_column type=&#8221;1_3&#8243;][et_pb_image src=&#8221;https:\/\/luxury-yacht-charter.eu\/wp-content\/uploads\/2016\/09\/backIMG_5506.jpg&#8221; show_in_lightbox=&#8221;off&#8221; url_new_window=&#8221;off&#8221; use_overlay=&#8221;off&#8221; animation=&#8221;right&#8221; sticky=&#8221;off&#8221; align=&#8221;left&#8221; force_fullwidth=&#8221;off&#8221; always_center_on_mobile=&#8221;on&#8221; use_border_color=&#8221;off&#8221; border_color=&#8221;#ffffff&#8221; border_style=&#8221;solid&#8221; animation_direction=&#8221;right&#8221; show_bottom_space=&#8221;on&#8221; animation_style=&#8221;slide&#8221; animation_duration=&#8221;500ms&#8221; animation_intensity_slide=&#8221;10%&#8221; \/][\/et_pb_column][\/et_pb_row][et_pb_row disabled_on=&#8221;on||&#8221; disabled=&#8221;off&#8221; background_position=&#8221;top_left&#8221; background_repeat=&#8221;repeat&#8221; background_size=&#8221;initial&#8221;][et_pb_column type=&#8221;4_4&#8243;][et_pb_gallery gallery_ids=&#8221;1264,869,1266,1267,1273,1274,1275,1276,1277,1278,1279,1280,1281,1282,1283,1284,1285,1286,1287,1288,1289,1290,1291,1292,1293,1294&#8243; fullwidth=&#8221;off&#8221; show_title_and_caption=&#8221;off&#8221; show_pagination=&#8221;off&#8221; background_layout=&#8221;light&#8221; auto=&#8221;off&#8221; hover_overlay_color=&#8221;rgba(255,255,255,0.9)&#8221; caption_all_caps=&#8221;off&#8221; use_border_color=&#8221;off&#8221; border_color=&#8221;#ffffff&#8221; border_style=&#8221;solid&#8221; gallery_orderby=&#8221;rand&#8221; \/][\/et_pb_column][\/et_pb_row][\/et_pb_section]<\/p>\n","protected":false},"excerpt":{"rendered":"<p>&nbsp; Nudimo vam najbolju vrijednost za iznajmljivanje luksuznih jahti na Jadranu. U\u017eivajte u individualnom, opu\u0161tenom i nezaboravnom odmoru u oto\u010dnom svijetu Hrvatske \u2013 priu\u0161tite si posebni luksuz plutaju\u0107e vile. &nbsp; &nbsp; Nudimo vam najbolju vrijednost za iznajmljivanje luksuznih jahti na Jadranu. U\u017eivajte u individualnom, opu\u0161tenom i nezaboravnom odmoru u oto\u010dnom svijetu Hrvatske \u2013 priu\u0161tite si [&hellip;]<\/p>\n","protected":false},"author":1,"featured_media":0,"parent":0,"menu_order":0,"comment_status":"closed","ping_status":"closed","template":"","meta":{"_et_pb_use_builder":"on","_et_pb_old_content":"","_et_gb_content_width":"","__cvm_playback_settings":[],"__cvm_video_id":"","footnotes":""},"class_list":["post-1983","page","type-page","status-publish","hentry"],"yoast_head":"<!-- This site is optimized with the Yoast SEO plugin v27.4 - https:\/\/yoast.com\/product\/yoast-seo-wordpress\/ -->\n<title>ekskluzivni charter plovila na Jadranskom moru - Luxury Yacht Charter<\/title>\n<meta name=\"robots\" content=\"index, follow, max-snippet:-1, max-image-preview:large, max-video-preview:-1\" \/>\n<link rel=\"canonical\" href=\"https:\/\/luxury-yacht-charter.eu\/hr\" \/>\n<meta property=\"og:locale\" content=\"hr_HR\" \/>\n<meta property=\"og:type\" content=\"article\" \/>\n<meta property=\"og:title\" content=\"ekskluzivni charter plovila na Jadranskom moru - Luxury Yacht Charter\" \/>\n<meta property=\"og:description\" content=\"&nbsp; Nudimo vam najbolju vrijednost za iznajmljivanje luksuznih jahti na Jadranu. U\u017eivajte u individualnom, opu\u0161tenom i nezaboravnom odmoru u oto\u010dnom svijetu Hrvatske \u2013 priu\u0161tite si posebni luksuz plutaju\u0107e vile. &nbsp; &nbsp; Nudimo vam najbolju vrijednost za iznajmljivanje luksuznih jahti na Jadranu. U\u017eivajte u individualnom, opu\u0161tenom i nezaboravnom odmoru u oto\u010dnom svijetu Hrvatske \u2013 priu\u0161tite si [&hellip;]\" \/>\n<meta property=\"og:url\" content=\"https:\/\/luxury-yacht-charter.eu\/hr\" \/>\n<meta property=\"og:site_name\" content=\"Luxury Yacht Charter\" \/>\n<meta property=\"article:publisher\" content=\"https:\/\/web.facebook.com\/luxuryyachtchartereu\/\" \/>\n<meta property=\"article:modified_time\" content=\"2018-09-03T17:19:33+00:00\" \/>\n<meta property=\"og:image\" content=\"https:\/\/luxury-yacht-charter.eu\/wp-content\/uploads\/2016\/08\/csm_DSC_4637_38_39_40_41_9374c7b47a-300x146.jpg\" \/>\n<meta name=\"twitter:card\" content=\"summary_large_image\" \/>\n<meta name=\"twitter:label1\" content=\"Procijenjeno vrijeme \u010ditanja\" \/>\n\t<meta name=\"twitter:data1\" content=\"7 minuta\" \/>\n<script type=\"application\/ld+json\" class=\"yoast-schema-graph\">{\"@context\":\"https:\\\/\\\/schema.org\",\"@graph\":[{\"@type\":\"WebPage\",\"@id\":\"https:\\\/\\\/luxury-yacht-charter.eu\\\/hr\",\"url\":\"https:\\\/\\\/luxury-yacht-charter.eu\\\/hr\",\"name\":\"ekskluzivni charter plovila na Jadranskom moru - Luxury Yacht Charter\",\"isPartOf\":{\"@id\":\"https:\\\/\\\/luxury-yacht-charter.eu\\\/hr#website\"},\"primaryImageOfPage\":{\"@id\":\"https:\\\/\\\/luxury-yacht-charter.eu\\\/hr#primaryimage\"},\"image\":{\"@id\":\"https:\\\/\\\/luxury-yacht-charter.eu\\\/hr#primaryimage\"},\"thumbnailUrl\":\"https:\\\/\\\/luxury-yacht-charter.eu\\\/wp-content\\\/uploads\\\/2016\\\/08\\\/csm_DSC_4637_38_39_40_41_9374c7b47a-300x146.jpg\",\"datePublished\":\"2016-08-12T19:12:43+00:00\",\"dateModified\":\"2018-09-03T17:19:33+00:00\",\"breadcrumb\":{\"@id\":\"https:\\\/\\\/luxury-yacht-charter.eu\\\/hr#breadcrumb\"},\"inLanguage\":\"hr\",\"potentialAction\":[{\"@type\":\"ReadAction\",\"target\":[\"https:\\\/\\\/luxury-yacht-charter.eu\\\/hr\"]}]},{\"@type\":\"ImageObject\",\"inLanguage\":\"hr\",\"@id\":\"https:\\\/\\\/luxury-yacht-charter.eu\\\/hr#primaryimage\",\"url\":\"https:\\\/\\\/luxury-yacht-charter.eu\\\/wp-content\\\/uploads\\\/2016\\\/08\\\/csm_DSC_4637_38_39_40_41_9374c7b47a-300x146.jpg\",\"contentUrl\":\"https:\\\/\\\/luxury-yacht-charter.eu\\\/wp-content\\\/uploads\\\/2016\\\/08\\\/csm_DSC_4637_38_39_40_41_9374c7b47a-300x146.jpg\"},{\"@type\":\"BreadcrumbList\",\"@id\":\"https:\\\/\\\/luxury-yacht-charter.eu\\\/hr#breadcrumb\",\"itemListElement\":[{\"@type\":\"ListItem\",\"position\":1,\"name\":\"Startseite\",\"item\":\"https:\\\/\\\/luxury-yacht-charter.eu\\\/hr\"},{\"@type\":\"ListItem\",\"position\":2,\"name\":\"ekskluzivni charter plovila na Jadranskom moru\"}]},{\"@type\":\"WebSite\",\"@id\":\"https:\\\/\\\/luxury-yacht-charter.eu\\\/hr#website\",\"url\":\"https:\\\/\\\/luxury-yacht-charter.eu\\\/hr\",\"name\":\"Luxury Yacht Charter\",\"description\":\"boat charter croatia\",\"publisher\":{\"@id\":\"https:\\\/\\\/luxury-yacht-charter.eu\\\/hr#organization\"},\"potentialAction\":[{\"@type\":\"SearchAction\",\"target\":{\"@type\":\"EntryPoint\",\"urlTemplate\":\"https:\\\/\\\/luxury-yacht-charter.eu\\\/hr?s={search_term_string}\"},\"query-input\":{\"@type\":\"PropertyValueSpecification\",\"valueRequired\":true,\"valueName\":\"search_term_string\"}}],\"inLanguage\":\"hr\"},{\"@type\":\"Organization\",\"@id\":\"https:\\\/\\\/luxury-yacht-charter.eu\\\/hr#organization\",\"name\":\"Ardura d.o.o.\",\"url\":\"https:\\\/\\\/luxury-yacht-charter.eu\\\/hr\",\"logo\":{\"@type\":\"ImageObject\",\"inLanguage\":\"hr\",\"@id\":\"https:\\\/\\\/luxury-yacht-charter.eu\\\/hr#\\\/schema\\\/logo\\\/image\\\/\",\"url\":\"https:\\\/\\\/luxury-yacht-charter.eu\\\/wp-content\\\/uploads\\\/2016\\\/09\\\/luxuryachtcharterlogo.png\",\"contentUrl\":\"https:\\\/\\\/luxury-yacht-charter.eu\\\/wp-content\\\/uploads\\\/2016\\\/09\\\/luxuryachtcharterlogo.png\",\"width\":1440,\"height\":202,\"caption\":\"Ardura d.o.o.\"},\"image\":{\"@id\":\"https:\\\/\\\/luxury-yacht-charter.eu\\\/hr#\\\/schema\\\/logo\\\/image\\\/\"},\"sameAs\":[\"https:\\\/\\\/web.facebook.com\\\/luxuryyachtchartereu\\\/\"]}]}<\/script>\n<!-- \/ Yoast SEO plugin. -->","yoast_head_json":{"title":"ekskluzivni charter plovila na Jadranskom moru - Luxury Yacht Charter","robots":{"index":"index","follow":"follow","max-snippet":"max-snippet:-1","max-image-preview":"max-image-preview:large","max-video-preview":"max-video-preview:-1"},"canonical":"https:\/\/luxury-yacht-charter.eu\/hr","og_locale":"hr_HR","og_type":"article","og_title":"ekskluzivni charter plovila na Jadranskom moru - Luxury Yacht Charter","og_description":"&nbsp; Nudimo vam najbolju vrijednost za iznajmljivanje luksuznih jahti na Jadranu. U\u017eivajte u individualnom, opu\u0161tenom i nezaboravnom odmoru u oto\u010dnom svijetu Hrvatske \u2013 priu\u0161tite si posebni luksuz plutaju\u0107e vile. &nbsp; &nbsp; Nudimo vam najbolju vrijednost za iznajmljivanje luksuznih jahti na Jadranu. U\u017eivajte u individualnom, opu\u0161tenom i nezaboravnom odmoru u oto\u010dnom svijetu Hrvatske \u2013 priu\u0161tite si [&hellip;]","og_url":"https:\/\/luxury-yacht-charter.eu\/hr","og_site_name":"Luxury Yacht Charter","article_publisher":"https:\/\/web.facebook.com\/luxuryyachtchartereu\/","article_modified_time":"2018-09-03T17:19:33+00:00","og_image":[{"url":"https:\/\/luxury-yacht-charter.eu\/wp-content\/uploads\/2016\/08\/csm_DSC_4637_38_39_40_41_9374c7b47a-300x146.jpg","type":"","width":"","height":""}],"twitter_card":"summary_large_image","twitter_misc":{"Procijenjeno vrijeme \u010ditanja":"7 minuta"},"schema":{"@context":"https:\/\/schema.org","@graph":[{"@type":"WebPage","@id":"https:\/\/luxury-yacht-charter.eu\/hr","url":"https:\/\/luxury-yacht-charter.eu\/hr","name":"ekskluzivni charter plovila na Jadranskom moru - Luxury Yacht Charter","isPartOf":{"@id":"https:\/\/luxury-yacht-charter.eu\/hr#website"},"primaryImageOfPage":{"@id":"https:\/\/luxury-yacht-charter.eu\/hr#primaryimage"},"image":{"@id":"https:\/\/luxury-yacht-charter.eu\/hr#primaryimage"},"thumbnailUrl":"https:\/\/luxury-yacht-charter.eu\/wp-content\/uploads\/2016\/08\/csm_DSC_4637_38_39_40_41_9374c7b47a-300x146.jpg","datePublished":"2016-08-12T19:12:43+00:00","dateModified":"2018-09-03T17:19:33+00:00","breadcrumb":{"@id":"https:\/\/luxury-yacht-charter.eu\/hr#breadcrumb"},"inLanguage":"hr","potentialAction":[{"@type":"ReadAction","target":["https:\/\/luxury-yacht-charter.eu\/hr"]}]},{"@type":"ImageObject","inLanguage":"hr","@id":"https:\/\/luxury-yacht-charter.eu\/hr#primaryimage","url":"https:\/\/luxury-yacht-charter.eu\/wp-content\/uploads\/2016\/08\/csm_DSC_4637_38_39_40_41_9374c7b47a-300x146.jpg","contentUrl":"https:\/\/luxury-yacht-charter.eu\/wp-content\/uploads\/2016\/08\/csm_DSC_4637_38_39_40_41_9374c7b47a-300x146.jpg"},{"@type":"BreadcrumbList","@id":"https:\/\/luxury-yacht-charter.eu\/hr#breadcrumb","itemListElement":[{"@type":"ListItem","position":1,"name":"Startseite","item":"https:\/\/luxury-yacht-charter.eu\/hr"},{"@type":"ListItem","position":2,"name":"ekskluzivni charter plovila na Jadranskom moru"}]},{"@type":"WebSite","@id":"https:\/\/luxury-yacht-charter.eu\/hr#website","url":"https:\/\/luxury-yacht-charter.eu\/hr","name":"Luxury Yacht Charter","description":"boat charter croatia","publisher":{"@id":"https:\/\/luxury-yacht-charter.eu\/hr#organization"},"potentialAction":[{"@type":"SearchAction","target":{"@type":"EntryPoint","urlTemplate":"https:\/\/luxury-yacht-charter.eu\/hr?s={search_term_string}"},"query-input":{"@type":"PropertyValueSpecification","valueRequired":true,"valueName":"search_term_string"}}],"inLanguage":"hr"},{"@type":"Organization","@id":"https:\/\/luxury-yacht-charter.eu\/hr#organization","name":"Ardura d.o.o.","url":"https:\/\/luxury-yacht-charter.eu\/hr","logo":{"@type":"ImageObject","inLanguage":"hr","@id":"https:\/\/luxury-yacht-charter.eu\/hr#\/schema\/logo\/image\/","url":"https:\/\/luxury-yacht-charter.eu\/wp-content\/uploads\/2016\/09\/luxuryachtcharterlogo.png","contentUrl":"https:\/\/luxury-yacht-charter.eu\/wp-content\/uploads\/2016\/09\/luxuryachtcharterlogo.png","width":1440,"height":202,"caption":"Ardura d.o.o."},"image":{"@id":"https:\/\/luxury-yacht-charter.eu\/hr#\/schema\/logo\/image\/"},"sameAs":["https:\/\/web.facebook.com\/luxuryyachtchartereu\/"]}]}},"_links":{"self":[{"href":"https:\/\/luxury-yacht-charter.eu\/hr\/wp-json\/wp\/v2\/pages\/1983","targetHints":{"allow":["GET"]}}],"collection":[{"href":"https:\/\/luxury-yacht-charter.eu\/hr\/wp-json\/wp\/v2\/pages"}],"about":[{"href":"https:\/\/luxury-yacht-charter.eu\/hr\/wp-json\/wp\/v2\/types\/page"}],"author":[{"embeddable":true,"href":"https:\/\/luxury-yacht-charter.eu\/hr\/wp-json\/wp\/v2\/users\/1"}],"replies":[{"embeddable":true,"href":"https:\/\/luxury-yacht-charter.eu\/hr\/wp-json\/wp\/v2\/comments?post=1983"}],"version-history":[{"count":0,"href":"https:\/\/luxury-yacht-charter.eu\/hr\/wp-json\/wp\/v2\/pages\/1983\/revisions"}],"wp:attachment":[{"href":"https:\/\/luxury-yacht-charter.eu\/hr\/wp-json\/wp\/v2\/media?parent=1983"}],"curies":[{"name":"wp","href":"https:\/\/api.w.org\/{rel}","templated":true}]}}